{"id":97,"date":"2022-12-10T18:58:03","date_gmt":"2022-12-10T17:58:03","guid":{"rendered":"https:\/\/www.hb9pc.ch\/site\/?page_id=97"},"modified":"2023-01-06T10:49:32","modified_gmt":"2023-01-06T09:49:32","slug":"objectifs","status":"publish","type":"page","link":"https:\/\/www.hb9pc.ch\/site\/objectifs\/","title":{"rendered":"Objectifs et projets"},"content":{"rendered":"<h4><\/h4>\r\n<ul>\r\n<li>\r\n<p>Promouvoir les activit\u00e9s radioamateurs aupr\u00e8s de la population et des autorit\u00e9s \u00e0 tous les niveaux.<\/p>\r\n<\/li>\r\n<li>\r\n<p>Exploiter, tester et d\u00e9velopper des syst\u00e8mes de communication radio r\u00e9silients.<\/p>\r\n<\/li>\r\n<li>\r\n<p>Coordonner les actions des diff\u00e9rents acteurs op\u00e9rationnels dans le domaine des t\u00e9l\u00e9communications d&rsquo;urgence.<\/p>\r\n<\/li>\r\n<li>\r\n<p>Participer \u00e0 des simulations de catastrophes avec les d\u00e9partements concern\u00e9s et les services de secours.<\/p>\r\n<\/li>\r\n<li>\r\n<p>Mettre en place des installations radio portables et mobiles dans le terrain.<\/p>\r\n<\/li>\r\n<li>\r\n<p>Participer \u00e0 des concours de liaisons radio afin de tester les \u00e9quipements et les op\u00e9rateurs.<\/p>\r\n<\/li>\r\n<li>\r\n<p>Et plein d&rsquo;autres activit\u00e9s toujours dans la bonne humeur et la convivialit\u00e9 !<\/p>\r\n<\/li>\r\n<\/ul>\r\n<h4><\/h4>","protected":false},"excerpt":{"rendered":"<p>Promouvoir les activit\u00e9s radioamateurs aupr\u00e8s de la population et des autorit\u00e9s \u00e0 tous les niveaux. Exploiter, tester et d\u00e9velopper des syst\u00e8mes de communication radio r\u00e9silients. Coordonner les actions des diff\u00e9rents acteurs op\u00e9rationnels dans le domaine des t\u00e9l\u00e9communications d&rsquo;urgence. Participer \u00e0 des simulations de catastrophes avec les d\u00e9partements concern\u00e9s et les services de secours. Mettre en [&hellip;]<\/p>\n","protected":false},"author":1,"featured_media":0,"parent":0,"menu_order":0,"comment_status":"closed","ping_status":"closed","template":"","meta":[],"_links":{"self":[{"href":"https:\/\/www.hb9pc.ch\/site\/wp-json\/wp\/v2\/pages\/97"}],"collection":[{"href":"https:\/\/www.hb9pc.ch\/site\/wp-json\/wp\/v2\/pages"}],"about":[{"href":"https:\/\/www.hb9pc.ch\/site\/wp-json\/wp\/v2\/types\/page"}],"author":[{"embeddable":true,"href":"https:\/\/www.hb9pc.ch\/site\/wp-json\/wp\/v2\/users\/1"}],"replies":[{"embeddable":true,"href":"https:\/\/www.hb9pc.ch\/site\/wp-json\/wp\/v2\/comments?post=97"}],"version-history":[{"count":8,"href":"https:\/\/www.hb9pc.ch\/site\/wp-json\/wp\/v2\/pages\/97\/revisions"}],"predecessor-version":[{"id":323,"href":"https:\/\/www.hb9pc.ch\/site\/wp-json\/wp\/v2\/pages\/97\/revisions\/323"}],"wp:attachment":[{"href":"https:\/\/www.hb9pc.ch\/site\/wp-json\/wp\/v2\/media?parent=97"}],"curies":[{"name":"wp","href":"https:\/\/api.w.org\/{rel}","templated":true}]}}