{"id":73,"date":"2022-12-10T18:19:11","date_gmt":"2022-12-10T17:19:11","guid":{"rendered":"https:\/\/www.hb9pc.ch\/site\/?page_id=73"},"modified":"2023-01-06T10:37:43","modified_gmt":"2023-01-06T09:37:43","slug":"contacts","status":"publish","type":"page","link":"https:\/\/www.hb9pc.ch\/site\/contacts\/","title":{"rendered":"Contacts"},"content":{"rendered":"<blockquote><p><a href=\"https:\/\/docs.google.com\/forms\/d\/e\/1FAIpQLSeOERkm-mUzDfG2VtYTKTC10TNAZTGYvtBNESrdOA-50EVsrQ\/viewform?vc=0&amp;c=0&amp;w=1&amp;flr=0\">Demande d&rsquo;informations compl\u00e9mentaires<\/a><\/p>\n<p><a href=\"https:\/\/docs.google.com\/forms\/d\/e\/1FAIpQLSfd_6KzYkrvfQR3Kfqjp9DP4MZflYLj8e_XXj4_7vpK7nkkug\/viewform?vc=0&amp;c=0&amp;w=1&amp;flr=0\">Annonce d&rsquo;un int\u00e9r\u00eat \u00e0 collaborer<\/a><\/p><\/blockquote>\n<p>&nbsp;<\/p>\n","protected":false},"excerpt":{"rendered":"<p>Demande d&rsquo;informations compl\u00e9mentaires Annonce d&rsquo;un int\u00e9r\u00eat \u00e0 collaborer &nbsp;<\/p>\n","protected":false},"author":1,"featured_media":0,"parent":0,"menu_order":0,"comment_status":"closed","ping_status":"closed","template":"template-fullwidth.php","meta":[],"_links":{"self":[{"href":"https:\/\/www.hb9pc.ch\/site\/wp-json\/wp\/v2\/pages\/73"}],"collection":[{"href":"https:\/\/www.hb9pc.ch\/site\/wp-json\/wp\/v2\/pages"}],"about":[{"href":"https:\/\/www.hb9pc.ch\/site\/wp-json\/wp\/v2\/types\/page"}],"author":[{"embeddable":true,"href":"https:\/\/www.hb9pc.ch\/site\/wp-json\/wp\/v2\/users\/1"}],"replies":[{"embeddable":true,"href":"https:\/\/www.hb9pc.ch\/site\/wp-json\/wp\/v2\/comments?post=73"}],"version-history":[{"count":5,"href":"https:\/\/www.hb9pc.ch\/site\/wp-json\/wp\/v2\/pages\/73\/revisions"}],"predecessor-version":[{"id":321,"href":"https:\/\/www.hb9pc.ch\/site\/wp-json\/wp\/v2\/pages\/73\/revisions\/321"}],"wp:attachment":[{"href":"https:\/\/www.hb9pc.ch\/site\/wp-json\/wp\/v2\/media?parent=73"}],"curies":[{"name":"wp","href":"https:\/\/api.w.org\/{rel}","templated":true}]}}